{"id":2,"date":"2025-06-19T17:30:27","date_gmt":"2025-06-19T15:30:27","guid":{"rendered":"http:\/\/gambier.doctor\/?page_id=2"},"modified":"2025-06-19T19:31:48","modified_gmt":"2025-06-19T17:31:48","slug":"page-d-exemple","status":"publish","type":"page","link":"https:\/\/gambier.doctor\/index.php\/page-d-exemple\/","title":{"rendered":"Dr E. Tchimtchoua Gambier"},"content":{"rendered":"\n<p class=\"has-text-align-center\"><mark style=\"background-color:rgba(0, 0, 0, 0);color:#9b51e0\" class=\"has-inline-color\"><strong>Gastro-ent\u00e9rologue et h\u00e9patologue<\/strong><br>Conventionn\u00e9e secteur 2 avec adh\u00e9sion \u00e0 l\u2019OPTAM<br>Carte Vitale accept\u00e9e<\/mark><\/p>\n\n\n\n<hr class=\"wp-block-separator has-alpha-channel-opacity\"\/>\n\n\n\n<p>Le <strong><mark style=\"background-color:rgba(0, 0, 0, 0);color:#9b51e0\" class=\"has-inline-color\">Dr Esther Tchimtchoua Gambier<\/mark><\/strong> vous accueille pour des consultations de gastro-ent\u00e9rologie et d\u2019h\u00e9patologie \u00e0 la<mark style=\"background-color:rgba(0, 0, 0, 0);color:#f78da7\" class=\"has-inline-color\"> <\/mark><strong><mark style=\"background-color:rgba(0, 0, 0, 0);color:#0693e3\" class=\"has-inline-color\">Maison de Sant\u00e9 de Sourdun<\/mark><\/strong>, situ\u00e9e au <strong>24 rue de Paris, 77171 Sourdun<\/strong>.<\/p>\n\n\n\n<p>Elle propose \u00e9galement des <strong>consultations vid\u00e9o<\/strong> via <mark style=\"background-color:rgba(0, 0, 0, 0);color:#0693e3\" class=\"has-inline-color\"><strong>Doctolib<\/strong><\/mark>, pour un suivi plus souple et accessible.<\/p>\n\n\n\n<p>Les <strong>actes endoscopiques<\/strong> (gastroscopies, coloscopies, fibroscopies, etc.) sont r\u00e9alis\u00e9s \u00e0 la <mark style=\"background-color:rgba(0, 0, 0, 0);color:#0693e3\" class=\"has-inline-color\"><strong>Clinique Saint Jean l\u2019Ermitage<\/strong>,<\/mark> au <strong>272 avenue Marc Jacquet, 77000 Melun<\/strong>.<\/p>\n\n\n\n<h3 class=\"wp-block-heading\" id=\"expertises\"><strong><mark style=\"background-color:rgba(0, 0, 0, 0);color:#9b51e0\" class=\"has-inline-color\">Expertises :<\/mark><\/strong><\/h3>\n\n\n\n<ul class=\"wp-block-list\">\n<li>Gastro-ent\u00e9rologie<\/li>\n\n\n\n<li>H\u00e9patologie<\/li>\n\n\n\n<li>Endoscopie digestive<\/li>\n\n\n\n<li>Coloscopie<\/li>\n\n\n\n<li>Gastroscopie<\/li>\n\n\n\n<li>Proctologie m\u00e9dicale<\/li>\n\n\n\n<li>Canc\u00e9rologie digestive<\/li>\n<\/ul>\n\n\n\n<h3 class=\"wp-block-heading\" id=\"informationspratiques\"><strong><mark style=\"background-color:rgba(0, 0, 0, 0);color:#9b51e0\" class=\"has-inline-color\">Informations pratiques :<\/mark><\/strong><\/h3>\n\n\n\n<ul class=\"wp-block-list\">\n<li>T\u00e9l\u00e9secr\u00e9tariat disponible <strong>lundi et vendredi de 9h \u00e0 12h<\/strong><\/li>\n\n\n\n<li>Prise de rendez-vous en ligne 24h\/24 via <a href=\"https:\/\/www.doctolib.fr\/gastro-enterologue\/melun\/esther-tchimtchoua-gambier\">Doctolib<\/a><\/li>\n\n\n\n<li>Paiement par carte bancaire ou esp\u00e8ces<\/li>\n\n\n\n<li>Parking gratuit \u00e0 Sourdun, parking \u00e0 proximit\u00e9 \u00e0 Melun<\/li>\n\n\n\n<li>Cabinet accessible au rez-de-chauss\u00e9e<\/li>\n<\/ul>\n\n\n\n<hr class=\"wp-block-separator has-alpha-channel-opacity\"\/>\n\n\n\n<p><\/p>\n","protected":false},"excerpt":{"rendered":"<p>Gastro-ent\u00e9rologue et h\u00e9patologueConventionn\u00e9e secteur 2 avec adh\u00e9sion \u00e0 l\u2019OPTAMCarte Vitale accept\u00e9e Le Dr Esther Tchimtchoua Gambier vous accueille pour des consultations de gastro-ent\u00e9rologie et d\u2019h\u00e9patologie \u00e0 la Maison de Sant\u00e9 de Sourdun, situ\u00e9e au 24 rue de Paris, 77171 Sourdun. Elle propose \u00e9galement des consultations vid\u00e9o via Doctolib, pour un suivi plus souple et accessible. [&hellip;]<\/p>\n","protected":false},"author":1,"featured_media":10,"parent":0,"menu_order":0,"comment_status":"closed","ping_status":"open","template":"","meta":{"footnotes":""},"class_list":["post-2","page","type-page","status-publish","has-post-thumbnail","hentry"],"_links":{"self":[{"href":"https:\/\/gambier.doctor\/index.php\/wp-json\/wp\/v2\/pages\/2","targetHints":{"allow":["GET"]}}],"collection":[{"href":"https:\/\/gambier.doctor\/index.php\/wp-json\/wp\/v2\/pages"}],"about":[{"href":"https:\/\/gambier.doctor\/index.php\/wp-json\/wp\/v2\/types\/page"}],"author":[{"embeddable":true,"href":"https:\/\/gambier.doctor\/index.php\/wp-json\/wp\/v2\/users\/1"}],"replies":[{"embeddable":true,"href":"https:\/\/gambier.doctor\/index.php\/wp-json\/wp\/v2\/comments?post=2"}],"version-history":[{"count":5,"href":"https:\/\/gambier.doctor\/index.php\/wp-json\/wp\/v2\/pages\/2\/revisions"}],"predecessor-version":[{"id":13,"href":"https:\/\/gambier.doctor\/index.php\/wp-json\/wp\/v2\/pages\/2\/revisions\/13"}],"wp:featuredmedia":[{"embeddable":true,"href":"https:\/\/gambier.doctor\/index.php\/wp-json\/wp\/v2\/media\/10"}],"wp:attachment":[{"href":"https:\/\/gambier.doctor\/index.php\/wp-json\/wp\/v2\/media?parent=2"}],"curies":[{"name":"wp","href":"https:\/\/api.w.org\/{rel}","templated":true}]}}